{"id":274,"date":"2021-03-21T12:23:52","date_gmt":"2021-03-21T11:23:52","guid":{"rendered":"http:\/\/www.lapausechampenoise.com\/?page_id=274"},"modified":"2026-01-03T15:01:15","modified_gmt":"2026-01-03T14:01:15","slug":"prix-et-conditions","status":"publish","type":"page","link":"https:\/\/www.lapausechampenoise.com\/?page_id=274","title":{"rendered":"Prix et conditions"},"content":{"rendered":"<h2 style=\"text-align: center;\"><strong>Tarifs 2024<\/strong><\/h2>\n<p>Le prix de la chambre (TTC, sauf la taxe de s\u00e9jour) inclut la nuit et le petit d\u00e9jeuner<\/p>\n<h4><em><strong>Du 1er janvier au 31 mai ET du 1er octobre au 31 d\u00e9cembre<\/strong><\/em><\/h4>\n\n<table id=\"tablepress-2\" class=\"tablepress tablepress-id-2\">\n<thead>\n<tr class=\"row-1\">\n\t<th class=\"column-1\" style=\"width:100px;\"><p style=\"text-align: center;\">Chambres<\/p><\/th><th class=\"column-2\" style=\"width:100px;\"><p style=\"text-align: center;\">1\u00a0personne<\/p><\/th><th class=\"column-3\" style=\"width:100px;\"><p style=\"text-align: center;\">2\u00a0personnes<\/p><\/th><th class=\"column-4\" style=\"width:100px;\"><p style=\"text-align: center;\">3\u00a0personnes<\/p><\/th><th class=\"column-5\" style=\"width:100px;\"><p style=\"text-align: center;\">4\u00a0personnes<\/p><\/th>\n<\/tr>\n<\/thead>\n<tbody class=\"row-striping row-hover\">\n<tr class=\"row-2\">\n\t<td class=\"column-1\"><p style=\"text-align: center;\">Art d\u00e9co<\/p><\/td><td class=\"column-2\"><p style=\"text-align: center;\">90 \u20ac<\/p><\/td><td class=\"column-3\"><p style=\"text-align: center;\">120 \u20ac<\/p><\/td><td class=\"column-4\"><p style=\"text-align: center;\">-<\/p><\/td><td class=\"column-5\"><p style=\"text-align: center;\">-<\/p><\/td>\n<\/tr>\n<tr class=\"row-3\">\n\t<td class=\"column-1\"><p style=\"text-align: center;\">Biscuit rose<\/p><\/td><td class=\"column-2\"><p style=\"text-align: center;\">90 \u20ac<\/p><\/td><td class=\"column-3\"><p style=\"text-align: center;\">120 \u20ac<\/p><\/td><td class=\"column-4\"><p style=\"text-align: center;\">-<\/p><\/td><td class=\"column-5\"><p style=\"text-align: center;\">-<\/p><\/td>\n<\/tr>\n<tr class=\"row-4\">\n\t<td class=\"column-1\"><p style=\"text-align: center;\">Magnum<\/p><\/td><td class=\"column-2\"><p style=\"text-align: center;\">90 \u20ac<\/p><\/td><td class=\"column-3\"><p style=\"text-align: center;\">120 \u20ac<\/p><\/td><td class=\"column-4\"><p style=\"text-align: center;\">140 \u20ac<\/p><\/td><td class=\"column-5\"><p style=\"text-align: center;\">-<\/p><\/td>\n<\/tr>\n<tr class=\"row-5\">\n\t<td class=\"column-1\"><p style=\"text-align: center;\">Montagne de Reims<\/p><\/td><td class=\"column-2\"><p style=\"text-align: center;\">140 \u20ac<\/p><\/td><td class=\"column-3\"><p style=\"text-align: center;\">160 \u20ac<\/p><\/td><td class=\"column-4\"><p style=\"text-align: center;\">-<\/p><\/td><td class=\"column-5\"><p style=\"text-align: center;\">-<\/p><\/td>\n<\/tr>\n<tr class=\"row-6\">\n\t<td class=\"column-1\"><p style=\"text-align: center;\">Cath\u00e9drale<\/p><\/td><td class=\"column-2\"><p style=\"text-align: center;\">160 \u20ac<\/p><\/td><td class=\"column-3\"><p style=\"text-align: center;\">180 \u20ac<\/p><\/td><td class=\"column-4\"><p style=\"text-align: center;\">200 \u20ac<\/p><\/td><td class=\"column-5\"><p style=\"text-align: center;\">220 \u20ac<\/p><\/td>\n<\/tr>\n<\/tbody>\n<\/table>\n<!-- #tablepress-2 from cache -->\n<h4><em><strong>Du 1er juin au 30 septembre<br \/>\n<\/strong><\/em><em><strong>(2 nuits cons\u00e9cutives minimum en Juillet et Ao\u00fbt)<br \/>\n<\/strong><\/em><\/h4>\n\n<table id=\"tablepress-3\" class=\"tablepress tablepress-id-3\">\n<thead>\n<tr class=\"row-1\">\n\t<th class=\"column-1\" style=\"width:100px;\"><p style=\"text-align: center;\">Chambres<\/p><\/th><th class=\"column-2\" style=\"width:100px;\"><p style=\"text-align: center;\">1\u00a0personne<\/p><\/th><th class=\"column-3\" style=\"width:100px;\"><p style=\"text-align: center;\">2\u00a0personnes<\/p><\/th><th class=\"column-4\" style=\"width:100px;\"><p style=\"text-align: center;\">3\u00a0personnes<\/p><\/th><th class=\"column-5\" style=\"width:100px;\"><p style=\"text-align: center;\">4\u00a0personnes<\/p><\/th>\n<\/tr>\n<\/thead>\n<tbody class=\"row-striping row-hover\">\n<tr class=\"row-2\">\n\t<td class=\"column-1\"><p style=\"text-align: center;\">Art d\u00e9co<\/p><\/td><td class=\"column-2\"><p style=\"text-align: center;\">100 \u20ac<\/p><\/td><td class=\"column-3\"><p style=\"text-align: center;\">130 \u20ac<\/p><\/td><td class=\"column-4\"><p style=\"text-align: center;\">-<\/p><\/td><td class=\"column-5\"><p style=\"text-align: center;\">-<\/p><\/td>\n<\/tr>\n<tr class=\"row-3\">\n\t<td class=\"column-1\"><p style=\"text-align: center;\">Biscuit rose<\/p><\/td><td class=\"column-2\"><p style=\"text-align: center;\">100 \u20ac<\/p><\/td><td class=\"column-3\"><p style=\"text-align: center;\">130 \u20ac<\/p><\/td><td class=\"column-4\"><p style=\"text-align: center;\">-<\/p><\/td><td class=\"column-5\"><p style=\"text-align: center;\">-<\/p><\/td>\n<\/tr>\n<tr class=\"row-4\">\n\t<td class=\"column-1\"><p style=\"text-align: center;\">Magnum<\/p><\/td><td class=\"column-2\"><p style=\"text-align: center;\">100 \u20ac<\/p><\/td><td class=\"column-3\"><p style=\"text-align: center;\">130 \u20ac<\/p><\/td><td class=\"column-4\"><p style=\"text-align: center;\">150 \u20ac<\/p><\/td><td class=\"column-5\"><p style=\"text-align: center;\">-<\/p><\/td>\n<\/tr>\n<tr class=\"row-5\">\n\t<td class=\"column-1\"><p style=\"text-align: center;\">Montagne de Reims<\/p><\/td><td class=\"column-2\"><p style=\"text-align: center;\">150 \u20ac<\/p><\/td><td class=\"column-3\"><p style=\"text-align: center;\">170 \u20ac<\/p><\/td><td class=\"column-4\"><p style=\"text-align: center;\">-<\/p><\/td><td class=\"column-5\"><p style=\"text-align: center;\">-<\/p><\/td>\n<\/tr>\n<tr class=\"row-6\">\n\t<td class=\"column-1\"><p style=\"text-align: center;\">Cath\u00e9drale<\/p><\/td><td class=\"column-2\"><p style=\"text-align: center;\">170 \u20ac<\/p><\/td><td class=\"column-3\"><p style=\"text-align: center;\">190 \u20ac<\/p><\/td><td class=\"column-4\"><p style=\"text-align: center;\">210 \u20ac<\/p><\/td><td class=\"column-5\"><p style=\"text-align: center;\">230 \u20ac<\/p><\/td>\n<\/tr>\n<\/tbody>\n<\/table>\n<!-- #tablepress-3 from cache -->\n<p>La taxe de s\u00e9jour (0,88 \u20ac par jour et par personne majeure) est en suppl\u00e9ment.<br \/>\nRemise de 10% \u00e0 partir de 3 nuits cons\u00e9cutives.<\/p>\n<h2 style=\"text-align: center;\"><strong>Conditions<br \/>\n<\/strong><\/h2>\n<p>Heure d&rsquo;arriv\u00e9e : \u00e0 partir de 17h00 ; Heure de d\u00e9part : jusque 10h30<br \/>\nLes enfants sont dor\u00e9navant accept\u00e9s \u00e0 partir de 6 ans.<br \/>\nNos h\u00f4tes devront respecter le calme des lieux et en faire un usage conforme \u00e0 leur destination.<br \/>\nNos h\u00f4tes s&rsquo;engagent \u00e0 rendre les chambres en parfait \u00e9tat \u00e0 la fin du s\u00e9jour et \u00e0 d\u00e9clarer, et prendre en charge financi\u00e8rement, toute d\u00e9gradation \u00e9ventuelle dont ils pourraient \u00eatre responsables.<br \/>\nLors de la r\u00e9servation le nombre de personnes effectuant le s\u00e9jour doit \u00eatre pr\u00e9cis\u00e9. Si ce nombre pr\u00e9vu est d\u00e9pass\u00e9, nous sommes en mesure de refuser les personnes suppl\u00e9mentaires.<br \/>\nLes enfants, au sein de la propri\u00e9t\u00e9, sont sous l&rsquo;unique responsabilit\u00e9 de leurs parents.<br \/>\nVols et accidents : le propri\u00e9taire d\u00e9cline toute responsabilit\u00e9 en cas de vol ou de dommage corporel survenu dans la propri\u00e9t\u00e9.<br \/>\nIl est interdit de fumer dans l&rsquo;enceinte de la maison.<br \/>\nNos amis les animaux ne sont pas accept\u00e9s.<\/p>\n","protected":false},"excerpt":{"rendered":"<p>Tarifs 2024 Le prix de la chambre (TTC, sauf la taxe de s\u00e9jour) inclut la &#8230; <\/p>\n<div class=\"text-center\"><a class=\"theme-btn\" href=\"https:\/\/www.lapausechampenoise.com\/?page_id=274\">Read More<\/a><\/div>\n","protected":false},"author":5,"featured_media":0,"parent":0,"menu_order":0,"comment_status":"closed","ping_status":"closed","template":"","meta":{"om_disable_all_campaigns":false,"_monsterinsights_skip_tracking":false,"_monsterinsights_sitenote_active":false,"_monsterinsights_sitenote_note":"","_monsterinsights_sitenote_category":0,"jetpack_post_was_ever_published":false,"footnotes":""},"class_list":["post-274","page","type-page","status-publish","hentry"],"jetpack_sharing_enabled":true,"_links":{"self":[{"href":"https:\/\/www.lapausechampenoise.com\/index.php?rest_route=\/wp\/v2\/pages\/274","targetHints":{"allow":["GET"]}}],"collection":[{"href":"https:\/\/www.lapausechampenoise.com\/index.php?rest_route=\/wp\/v2\/pages"}],"about":[{"href":"https:\/\/www.lapausechampenoise.com\/index.php?rest_route=\/wp\/v2\/types\/page"}],"author":[{"embeddable":true,"href":"https:\/\/www.lapausechampenoise.com\/index.php?rest_route=\/wp\/v2\/users\/5"}],"replies":[{"embeddable":true,"href":"https:\/\/www.lapausechampenoise.com\/index.php?rest_route=%2Fwp%2Fv2%2Fcomments&post=274"}],"version-history":[{"count":47,"href":"https:\/\/www.lapausechampenoise.com\/index.php?rest_route=\/wp\/v2\/pages\/274\/revisions"}],"predecessor-version":[{"id":39207,"href":"https:\/\/www.lapausechampenoise.com\/index.php?rest_route=\/wp\/v2\/pages\/274\/revisions\/39207"}],"wp:attachment":[{"href":"https:\/\/www.lapausechampenoise.com\/index.php?rest_route=%2Fwp%2Fv2%2Fmedia&parent=274"}],"curies":[{"name":"wp","href":"https:\/\/api.w.org\/{rel}","templated":true}]}}