{"id":1682,"date":"2021-04-07T20:24:33","date_gmt":"2021-04-07T19:24:33","guid":{"rendered":"https:\/\/www.lapausechampenoise.com\/?page_id=1682"},"modified":"2023-03-20T21:33:03","modified_gmt":"2023-03-20T20:33:03","slug":"accueil-2","status":"publish","type":"page","link":"https:\/\/www.lapausechampenoise.com\/","title":{"rendered":"Accueil"},"content":{"rendered":"\t\t<div data-elementor-type=\"wp-page\" data-elementor-id=\"1682\" class=\"elementor elementor-1682\">\n\t\t\t\t\t\t<section class=\"elementor-section elementor-top-section elementor-element elementor-element-63973b66 elementor-section-boxed elementor-section-height-default elementor-section-height-default exad-glass-effect-no exad-sticky-section-no\" data-id=\"63973b66\" data-element_type=\"section\" data-e-type=\"section\">\n\t\t\t\t\t\t<div class=\"elementor-container elementor-column-gap-default\">\n\t\t\t\t\t<div class=\"elementor-column elementor-col-100 elementor-top-column elementor-element elementor-element-c665eb2 exad-glass-effect-no exad-sticky-section-no\" data-id=\"c665eb2\" data-element_type=\"column\" data-e-type=\"column\">\n\t\t\t<div class=\"elementor-widget-wrap elementor-element-populated\">\n\t\t\t\t\t\t<div class=\"elementor-element elementor-element-3866c481 exad-sticky-section-no exad-glass-effect-no elementor-widget elementor-widget-text-editor\" data-id=\"3866c481\" data-element_type=\"widget\" data-e-type=\"widget\" data-widget_type=\"text-editor.default\">\n\t\t\t\t<div class=\"elementor-widget-container\">\n\t\t\t\t\t\t\t\t\t<p>La maison d&rsquo;h\u00f4tes \u00ab\u00a0La Pause Champenoise\u00a0\u00bb, aux portes de Reims, sur la route d&rsquo;Epernay et \u00e0 la sortie de l&rsquo;autoroute A4, sera id\u00e9alement situ\u00e9e pour vos diff\u00e9rentes excursions lors de votre s\u00e9jour dans notre r\u00e9gion.<\/p><p>Lors de votre s\u00e9jour, vous profiterez du confort moderne de nos chambres, au sein d&rsquo;une ancienne ferme champenoise.<br \/>Aux beaux jours vous profiterez de notre jardin, clos de murs, et de notre piscine ext\u00e9rieure (de juin \u00e0 septembre, selon la m\u00e9t\u00e9o).<\/p><p>Nous pouvons \u00e9galement vous proposer diff\u00e9rentes prestations, avec nos diff\u00e9rents partenaires (vignerons, producteurs locaux, acteurs de loisirs et touristiques\u2026), pour que votre s\u00e9jour chez nous soit le plus agr\u00e9able possible et personnalisable selon vos envies.<\/p><p class=\"jetpack-slideshow-noscript robots-nocontent\">Ce diaporama n\u00e9cessite JavaScript.<\/p><div id=\"gallery-1682-1-slideshow\" class=\"jetpack-slideshow-window jetpack-slideshow jetpack-slideshow-black\" data-trans=\"fade\" data-autostart=\"1\" data-gallery=\"[{&quot;src&quot;:&quot;https:\\\/\\\/www.lapausechampenoise.com\\\/wp-content\\\/uploads\\\/2021\\\/04\\\/LPC-Charpente-scaled.jpg&quot;,&quot;id&quot;:&quot;1872&quot;,&quot;title&quot;:&quot;Charpente La Pause Champenoise&quot;,&quot;alt&quot;:&quot;&quot;,&quot;caption&quot;:&quot;Charpente La Pause Champenoise&quot;,&quot;itemprop&quot;:&quot;image&quot;},{&quot;src&quot;:&quot;https:\\\/\\\/www.lapausechampenoise.com\\\/wp-content\\\/uploads\\\/2021\\\/04\\\/LPC-Chambres-dhotes-scaled.jpg&quot;,&quot;id&quot;:&quot;1868&quot;,&quot;title&quot;:&quot;Chambres d\\u0026rsquo;h\\u00f4tes La Pause Champenoise&quot;,&quot;alt&quot;:&quot;&quot;,&quot;caption&quot;:&quot;Chambres d\\u0026rsquo;h\\u00f4tes La Pause Champenoise&quot;,&quot;itemprop&quot;:&quot;image&quot;},{&quot;src&quot;:&quot;https:\\\/\\\/www.lapausechampenoise.com\\\/wp-content\\\/uploads\\\/2021\\\/04\\\/LPC-Verzy-scaled.jpg&quot;,&quot;id&quot;:&quot;1896&quot;,&quot;title&quot;:&quot;Faux de Verzy&quot;,&quot;alt&quot;:&quot;&quot;,&quot;caption&quot;:&quot;Faux de Verzy&quot;,&quot;itemprop&quot;:&quot;image&quot;},{&quot;src&quot;:&quot;https:\\\/\\\/www.lapausechampenoise.com\\\/wp-content\\\/uploads\\\/2021\\\/04\\\/LPC-Salon-scaled.jpg&quot;,&quot;id&quot;:&quot;1894&quot;,&quot;title&quot;:&quot;Salon La Pause Champenoise&quot;,&quot;alt&quot;:&quot;&quot;,&quot;caption&quot;:&quot;Salon La Pause Champenoise&quot;,&quot;itemprop&quot;:&quot;image&quot;},{&quot;src&quot;:&quot;https:\\\/\\\/www.lapausechampenoise.com\\\/wp-content\\\/uploads\\\/2021\\\/04\\\/LPC-Montgolfiere-scaled.jpg&quot;,&quot;id&quot;:&quot;1880&quot;,&quot;title&quot;:&quot;Montgolfi\\u00e8re La Pause Champenoise&quot;,&quot;alt&quot;:&quot;&quot;,&quot;caption&quot;:&quot;Montgolfi\\u00e8re La Pause Champenoise&quot;,&quot;itemprop&quot;:&quot;image&quot;},{&quot;src&quot;:&quot;https:\\\/\\\/www.lapausechampenoise.com\\\/wp-content\\\/uploads\\\/2021\\\/04\\\/LPC-Salon-2-scaled.jpg&quot;,&quot;id&quot;:&quot;1892&quot;,&quot;title&quot;:&quot;Salon La Pause Champenoise&quot;,&quot;alt&quot;:&quot;&quot;,&quot;caption&quot;:&quot;Salon La Pause Champenoise&quot;,&quot;itemprop&quot;:&quot;image&quot;},{&quot;src&quot;:&quot;https:\\\/\\\/www.lapausechampenoise.com\\\/wp-content\\\/uploads\\\/2021\\\/04\\\/LPC-Raisin-scaled.jpg&quot;,&quot;id&quot;:&quot;1886&quot;,&quot;title&quot;:&quot;Raisin champagne\\rLa Pause Champenoise&quot;,&quot;alt&quot;:&quot;&quot;,&quot;caption&quot;:&quot;Raisin champagne\\rLa Pause Champenoise&quot;,&quot;itemprop&quot;:&quot;image&quot;},{&quot;src&quot;:&quot;https:\\\/\\\/www.lapausechampenoise.com\\\/wp-content\\\/uploads\\\/2021\\\/04\\\/LPC-Piscine-scaled.jpg&quot;,&quot;id&quot;:&quot;1884&quot;,&quot;title&quot;:&quot;Piscine de la pause champenoise&quot;,&quot;alt&quot;:&quot;&quot;,&quot;caption&quot;:&quot;Piscine de la pause champenoise&quot;,&quot;itemprop&quot;:&quot;image&quot;},{&quot;src&quot;:&quot;https:\\\/\\\/www.lapausechampenoise.com\\\/wp-content\\\/uploads\\\/2021\\\/04\\\/LPC-Dame-Jeanne-scaled.jpg&quot;,&quot;id&quot;:&quot;1876&quot;,&quot;title&quot;:&quot;Dame Jeanne La Pause Champenoise&quot;,&quot;alt&quot;:&quot;&quot;,&quot;caption&quot;:&quot;Dame Jeanne La Pause Champenoise&quot;,&quot;itemprop&quot;:&quot;image&quot;},{&quot;src&quot;:&quot;https:\\\/\\\/www.lapausechampenoise.com\\\/wp-content\\\/uploads\\\/2021\\\/04\\\/LPC-Vignoble-champenois-scaled.jpg&quot;,&quot;id&quot;:&quot;1898&quot;,&quot;title&quot;:&quot;Vignoble de Rilly La Montagne&quot;,&quot;alt&quot;:&quot;&quot;,&quot;caption&quot;:&quot;Vignoble de Rilly La Montagne&quot;,&quot;itemprop&quot;:&quot;image&quot;},{&quot;src&quot;:&quot;https:\\\/\\\/www.lapausechampenoise.com\\\/wp-content\\\/uploads\\\/2021\\\/04\\\/LPC-Regalia-scaled.jpg&quot;,&quot;id&quot;:&quot;1888&quot;,&quot;title&quot;:&quot;Cath\\u00e9drale de Reims, spectacle Regalia&quot;,&quot;alt&quot;:&quot;&quot;,&quot;caption&quot;:&quot;Cath\\u00e9drale de Reims, spectacle Regalia&quot;,&quot;itemprop&quot;:&quot;image&quot;},{&quot;src&quot;:&quot;https:\\\/\\\/www.lapausechampenoise.com\\\/wp-content\\\/uploads\\\/2021\\\/04\\\/LPC-Ange-scaled.jpg&quot;,&quot;id&quot;:&quot;1866&quot;,&quot;title&quot;:&quot;Cath\\u00e9drale de Reims&quot;,&quot;alt&quot;:&quot;&quot;,&quot;caption&quot;:&quot;Cath\\u00e9drale de Reims&quot;,&quot;itemprop&quot;:&quot;image&quot;},{&quot;src&quot;:&quot;https:\\\/\\\/www.lapausechampenoise.com\\\/wp-content\\\/uploads\\\/2021\\\/04\\\/LPC-Cheval-de-trait-scaled.jpg&quot;,&quot;id&quot;:&quot;1874&quot;,&quot;title&quot;:&quot;Cheval de trait vignoble champagne\\rLa Pause Champenoise&quot;,&quot;alt&quot;:&quot;&quot;,&quot;caption&quot;:&quot;Cheval de trait vignoble champagne\\rLa Pause Champenoise&quot;,&quot;itemprop&quot;:&quot;image&quot;},{&quot;src&quot;:&quot;https:\\\/\\\/www.lapausechampenoise.com\\\/wp-content\\\/uploads\\\/2021\\\/04\\\/LPC-Salle-a-manger-scaled.jpg&quot;,&quot;id&quot;:&quot;1890&quot;,&quot;title&quot;:&quot;Salon La Pause Champenoise&quot;,&quot;alt&quot;:&quot;&quot;,&quot;caption&quot;:&quot;Salon La Pause Champenoise&quot;,&quot;itemprop&quot;:&quot;image&quot;},{&quot;src&quot;:&quot;https:\\\/\\\/www.lapausechampenoise.com\\\/wp-content\\\/uploads\\\/2021\\\/04\\\/LPC-Nuit.jpg&quot;,&quot;id&quot;:&quot;1882&quot;,&quot;title&quot;:&quot;Ext\\u00e9rieur nuit La Pause Champenoise&quot;,&quot;alt&quot;:&quot;&quot;,&quot;caption&quot;:&quot;Ext\\u00e9rieur nuit La Pause Champenoise&quot;,&quot;itemprop&quot;:&quot;image&quot;},{&quot;src&quot;:&quot;https:\\\/\\\/www.lapausechampenoise.com\\\/wp-content\\\/uploads\\\/2021\\\/04\\\/LPC-Hautvillers-scaled.jpg&quot;,&quot;id&quot;:&quot;1878&quot;,&quot;title&quot;:&quot;Hautvillers&quot;,&quot;alt&quot;:&quot;&quot;,&quot;caption&quot;:&quot;Hautvillers&quot;,&quot;itemprop&quot;:&quot;image&quot;},{&quot;src&quot;:&quot;https:\\\/\\\/www.lapausechampenoise.com\\\/wp-content\\\/uploads\\\/2021\\\/04\\\/LPC-Champfleury-scaled.jpg&quot;,&quot;id&quot;:&quot;1870&quot;,&quot;title&quot;:&quot;Village de Champfleury&quot;,&quot;alt&quot;:&quot;&quot;,&quot;caption&quot;:&quot;Village de Champfleury&quot;,&quot;itemprop&quot;:&quot;image&quot;}]\" itemscope itemtype=\"https:\/\/schema.org\/ImageGallery\"><\/div>\t\t\t\t\t\t\t\t<\/div>\n\t\t\t\t<\/div>\n\t\t\t\t\t<\/div>\n\t\t<\/div>\n\t\t\t\t\t<\/div>\n\t\t<\/section>\n\t\t\t\t<\/div>\n\t\t","protected":false},"excerpt":{"rendered":"<p>La maison d&rsquo;h\u00f4tes \u00ab\u00a0La Pause Champenoise\u00a0\u00bb, aux portes de Reims, sur la route d&rsquo;Epernay et &#8230; <\/p>\n<div class=\"text-center\"><a class=\"theme-btn\" href=\"https:\/\/www.lapausechampenoise.com\/\">Read More<\/a><\/div>\n","protected":false},"author":5,"featured_media":0,"parent":0,"menu_order":0,"comment_status":"closed","ping_status":"closed","template":"","meta":{"om_disable_all_campaigns":false,"_monsterinsights_skip_tracking":false,"_monsterinsights_sitenote_active":false,"_monsterinsights_sitenote_note":"","_monsterinsights_sitenote_category":0,"jetpack_post_was_ever_published":false,"footnotes":""},"class_list":["post-1682","page","type-page","status-publish","hentry"],"jetpack_sharing_enabled":true,"_links":{"self":[{"href":"https:\/\/www.lapausechampenoise.com\/index.php?rest_route=\/wp\/v2\/pages\/1682","targetHints":{"allow":["GET"]}}],"collection":[{"href":"https:\/\/www.lapausechampenoise.com\/index.php?rest_route=\/wp\/v2\/pages"}],"about":[{"href":"https:\/\/www.lapausechampenoise.com\/index.php?rest_route=\/wp\/v2\/types\/page"}],"author":[{"embeddable":true,"href":"https:\/\/www.lapausechampenoise.com\/index.php?rest_route=\/wp\/v2\/users\/5"}],"replies":[{"embeddable":true,"href":"https:\/\/www.lapausechampenoise.com\/index.php?rest_route=%2Fwp%2Fv2%2Fcomments&post=1682"}],"version-history":[{"count":27,"href":"https:\/\/www.lapausechampenoise.com\/index.php?rest_route=\/wp\/v2\/pages\/1682\/revisions"}],"predecessor-version":[{"id":35201,"href":"https:\/\/www.lapausechampenoise.com\/index.php?rest_route=\/wp\/v2\/pages\/1682\/revisions\/35201"}],"wp:attachment":[{"href":"https:\/\/www.lapausechampenoise.com\/index.php?rest_route=%2Fwp%2Fv2%2Fmedia&parent=1682"}],"curies":[{"name":"wp","href":"https:\/\/api.w.org\/{rel}","templated":true}]}}